{"id":7276,"date":"2023-12-03T13:02:48","date_gmt":"2023-12-03T13:02:48","guid":{"rendered":"https:\/\/powderblue-mole-541179.hostingersite.com\/?post_type=product&#038;p=7276"},"modified":"2024-08-15T16:07:22","modified_gmt":"2024-08-15T16:07:22","slug":"miso-vegetable-stock-paste","status":"publish","type":"product","link":"https:\/\/earth-ona.com\/ar\/product\/miso-vegetable-stock-paste\/","title":{"rendered":"\u0645\u064a\u0633\u0648 \u0648\u0645\u0639\u062c\u0648\u0646 \u0645\u0631\u0642 \u0627\u0644\u062e\u0636\u0627\u0631"},"content":{"rendered":"<p>4X28\u063a\u0631\u0627\u0645<\/p>\n<p>\u0627\u0644\u0645\u0643\u0648\u0646\u0627\u062a: \u0645\u064a\u0633\u0648 \u0627\u0644\u0623\u0631\u0632 \u0627\u0644\u0628\u0646\u064a * (32\u066a) (\u0641\u0648\u0644 \u0627\u0644\u0635\u0648\u064a\u0627 \u0627\u0644\u0643\u0627\u0645\u0644 * \u060c \u0627\u0644\u0623\u0631\u0632 \u0627\u0644\u0628\u0646\u064a \u0627\u0644\u0645\u0633\u062a\u0646\u0628\u062a * \u060c \u0645\u0644\u062d \u0627\u0644\u0628\u062d\u0631 \u060c \u0627\u0644\u0645\u0627\u0621) \u060c \u0645\u0644\u062d \u0627\u0644\u0628\u062d\u0631 \u060c \u0647\u0631\u064a\u0633 \u0627\u0644\u062c\u0632\u0631 * \u060c \u0627\u0644\u0645\u0627\u0621 \u060c \u0647\u0631\u064a\u0633 \u0627\u0644\u0628\u0635\u0644 * \u060c \u0628\u0648\u0631\u064a\u0647 \u0627\u0644\u0643\u0631\u0627\u062b * \u060c \u0645\u0633\u062a\u062e\u0644\u0635 \u062e\u0636\u0631\u0648\u0627\u062a \u0628\u062d\u0631 \u0643\u0648\u0645\u0628\u0648 (\u0645\u0627\u0621 \u060c \u0643\u0648\u0645\u0628\u0648 \u060c \u0645\u0644\u062d \u0627\u0644\u0628\u062d\u0631) \u060c \u0643\u0648\u0632\u0648 * (\u0645\u062b\u062e\u0646 \u0627\u0644\u0646\u0634\u0627) \u060c \u0647\u0631\u064a\u0633 \u0627\u0644\u0632\u0646\u062c\u0628\u064a\u0644 * \u060c \u0632\u064a\u062a \u0639\u0628\u0627\u062f \u0627\u0644\u0634\u0645\u0633 \u0627\u0644\u0645\u0639\u0635\u0648\u0631 \u0639\u0644\u0649 \u0627\u0644\u0628\u0627\u0631\u062f *. * \u0646\u0645\u062a \u0639\u0636\u0648\u064a\u0627<\/p>","protected":false},"excerpt":{"rendered":"<p>4X28G Ingredients: Brown rice miso* (32%) (whole soya beans*, cultured brown rice*, sea salt, water), sea salt, carrot pur\u00e9e*, water, onion pur\u00e9e*, leek pur\u00e9e*, kombu sea vegetable extract (water, kombu, sea salt), kuzu* (starch thickener), ginger pur\u00e9e*, cold-pressed sunflower oil*. *organically grown<\/p>","protected":false},"featured_media":7277,"comment_status":"open","ping_status":"closed","template":"","meta":{"_eb_attr":"","content-type":"","om_disable_all_campaigns":false,"_monsterinsights_skip_tracking":false,"_monsterinsights_sitenote_active":false,"_monsterinsights_sitenote_note":"","_monsterinsights_sitenote_category":0,"_uf_show_specific_survey":0,"_uf_disable_surveys":false,"site-sidebar-layout":"default","site-content-layout":"default","ast-site-content-layout":"default","site-content-style":"default","site-sidebar-style":"default","ast-global-header-display":"","ast-banner-title-visibility":"","ast-main-header-display":"","ast-hfb-above-header-display":"","ast-hfb-below-header-display":"","ast-hfb-mobile-header-display":"disabled","site-post-title":"","ast-breadcrumbs-content":"","ast-featured-img":"","footer-sml-layout":"disabled","ast-disable-related-posts":"","theme-transparent-header-meta":"default","adv-header-id-meta":"","stick-header-meta":"","header-above-stick-meta":"","header-main-stick-meta":"","header-below-stick-meta":"","astra-migrate-meta-layouts":"default","ast-page-background-enabled":"default","ast-page-background-meta":{"desktop":{"background-color":"","background-image":"","background-repeat":"repeat","background-position":"center center","background-size":"auto","background-attachment":"scroll","background-type":"","background-media":"","overlay-type":"","overlay-color":"","overlay-opacity":"","overlay-gradient":""},"tablet":{"background-color":"","background-image":"","background-repeat":"repeat","background-position":"center center","background-size":"auto","background-attachment":"scroll","background-type":"","background-media":"","overlay-type":"","overlay-color":"","overlay-opacity":"","overlay-gradient":""},"mobile":{"background-color":"","background-image":"","background-repeat":"repeat","background-position":"center center","background-size":"auto","background-attachment":"scroll","background-type":"","background-media":"","overlay-type":"","overlay-color":"","overlay-opacity":"","overlay-gradient":""}},"ast-content-background-meta":{"desktop":{"background-color":"var(--ast-global-color-5)","background-image":"","background-repeat":"repeat","background-position":"center center","background-size":"auto","background-attachment":"scroll","background-type":"","background-media":"","overlay-type":"","overlay-color":"","overlay-opacity":"","overlay-gradient":""},"tablet":{"background-color":"var(--ast-global-color-5)","background-image":"","background-repeat":"repeat","background-position":"center center","background-size":"auto","background-attachment":"scroll","background-type":"","background-media":"","overlay-type":"","overlay-color":"","overlay-opacity":"","overlay-gradient":""},"mobile":{"background-color":"var(--ast-global-color-5)","background-image":"","background-repeat":"repeat","background-position":"center center","background-size":"auto","background-attachment":"scroll","background-type":"","background-media":"","overlay-type":"","overlay-color":"","overlay-opacity":"","overlay-gradient":""}},"_themeisle_gutenberg_block_has_review":false},"product_brand":[],"product_cat":[125],"product_tag":[],"class_list":{"0":"post-7276","1":"product","2":"type-product","3":"status-publish","4":"has-post-thumbnail","6":"product_cat-herbs-botanical","7":"desktop-align-center","8":"tablet-align-left","9":"mobile-align-center","11":"first","12":"instock","13":"taxable","14":"shipping-taxable","15":"purchasable","16":"product-type-simple"},"aioseo_notices":[],"jetpack_sharing_enabled":true,"_links":{"self":[{"href":"https:\/\/earth-ona.com\/ar\/wp-json\/wp\/v2\/product\/7276","targetHints":{"allow":["GET"]}}],"collection":[{"href":"https:\/\/earth-ona.com\/ar\/wp-json\/wp\/v2\/product"}],"about":[{"href":"https:\/\/earth-ona.com\/ar\/wp-json\/wp\/v2\/types\/product"}],"replies":[{"embeddable":true,"href":"https:\/\/earth-ona.com\/ar\/wp-json\/wp\/v2\/comments?post=7276"}],"version-history":[{"count":1,"href":"https:\/\/earth-ona.com\/ar\/wp-json\/wp\/v2\/product\/7276\/revisions"}],"predecessor-version":[{"id":7278,"href":"https:\/\/earth-ona.com\/ar\/wp-json\/wp\/v2\/product\/7276\/revisions\/7278"}],"wp:featuredmedia":[{"embeddable":true,"href":"https:\/\/earth-ona.com\/ar\/wp-json\/wp\/v2\/media\/7277"}],"wp:attachment":[{"href":"https:\/\/earth-ona.com\/ar\/wp-json\/wp\/v2\/media?parent=7276"}],"wp:term":[{"taxonomy":"product_brand","embeddable":true,"href":"https:\/\/earth-ona.com\/ar\/wp-json\/wp\/v2\/product_brand?post=7276"},{"taxonomy":"product_cat","embeddable":true,"href":"https:\/\/earth-ona.com\/ar\/wp-json\/wp\/v2\/product_cat?post=7276"},{"taxonomy":"product_tag","embeddable":true,"href":"https:\/\/earth-ona.com\/ar\/wp-json\/wp\/v2\/product_tag?post=7276"}],"curies":[{"name":"wp","href":"https:\/\/api.w.org\/{rel}","templated":true}]}}